{"id":7,"date":"2025-03-25T12:05:51","date_gmt":"2025-03-25T11:05:51","guid":{"rendered":"https:\/\/nature-paysage.exig.fr\/?page_id=7"},"modified":"2025-04-17T23:18:56","modified_gmt":"2025-04-17T21:18:56","slug":"accueil","status":"publish","type":"page","link":"https:\/\/nature-paysage.exig.fr\/","title":{"rendered":"Accueil"},"content":{"rendered":"\n<div class=\"wp-block-group is-layout-constrained wp-container-core-group-is-layout-4383d167 wp-block-group-is-layout-constrained\">\n<div class=\"wp-block-columns is-layout-flex wp-container-core-columns-is-layout-e0e4babd wp-block-columns-is-layout-flex\" style=\"padding-right:0;padding-left:0\">\n<div class=\"wp-block-column is-layout-flow wp-block-column-is-layout-flow\">\n<h2 class=\"wp-block-heading\">Notre mission<\/h2>\n\n\n\n<p>REPLANTATION BOCAG\u00c8RE, CR\u00c9ATION PAYSAG\u00c8RE ET RESTAURATION DE MILIEUX NATURELS (rivi\u00e8res, zones humides, bocages&#8230;).<br>Bas\u00e9s en Ille-et-Vilaine, nous avons \u00e0 c\u0153ur de travailler pour am\u00e9liorer la sant\u00e9 des \u00e9cosyst\u00e8mes et des paysages bretons.<br><\/p>\n<\/div>\n\n\n\n<div class=\"wp-block-column is-layout-flow wp-block-column-is-layout-flow\">\n<p>Depuis la seconde moiti\u00e9 du XX\u00e8 si\u00e8cle, avec la mutation des paysages urbains et ruraux, le territoire breton a subi de fortes modifications.<br>Le bocage et les milieux humides, \u00e9cosyst\u00e8mes caract\u00e9ristiques de la r\u00e9gion, ont \u00e9t\u00e9 fortement impact\u00e9s.<\/p>\n\n\n\n<p>Aujourd\u2019hui, les politiques publiques vont dans le sens d\u2019une reconstitution de paysages accueillant la biodiversit\u00e9 et compatibles<br>avec nos activit\u00e9s humaines. Nous croyons en l\u2019importance des projets qu\u2019elles soutiennent.<\/p>\n\n\n\n<p>Nous voulons, par le choix de nos chantiers et notre pratique professionnelle, contribuer \u00e0 la restauration de ces \u00e9cosyst\u00e8mes, tout en r\u00e9alisant des chantiers paysagers adapt\u00e9s aux besoins humains.<\/p>\n<\/div>\n<\/div>\n\n\n\n<hr class=\"wp-block-separator has-alpha-channel-opacity is-style-wide\"\/>\n\n\n\n<h2 class=\"wp-block-heading\">Nos chantiers<br>\u00e0 fort contenu \u00e9cologique<\/h2>\n\n\n<div  class=\"search-filter-base search-filter-field search-filter-field--id-1 search-filter-field--type-choice search-filter-field--input-type-button search-filter-style--id-1 search-filter-style--choice-button\"  data-search-filter-id=\"1\" ><\/div>\n\n\n<div class=\"leaflet-map WPLeafletMap\" style=\"height:800px; width:100%;\"><\/div><script>\nwindow.WPLeafletMapPlugin = window.WPLeafletMapPlugin || [];\nwindow.WPLeafletMapPlugin.push(function WPLeafletMapShortcode() {\/*<script>*\/\nvar baseUrl = atob('aHR0cHM6Ly9zZXJ2ZXIuYXJjZ2lzb25saW5lLmNvbS9BcmNHSVMvcmVzdC9zZXJ2aWNlcy9PY2Vhbi9Xb3JsZF9PY2Vhbl9CYXNlL01hcFNlcnZlci90aWxlL3t6fS97eX0ve3h9LnBuZw==');\nvar base = (!baseUrl && window.MQ) ?\n    window.MQ.mapLayer() : L.tileLayer(baseUrl,\n        L.Util.extend({}, {\n            detectRetina: 0,\n        },\n        {\"subdomains\":\"abcd\",\"noWrap\":false,\"maxZoom\":19}        )\n    );\n    var options = L.Util.extend({}, {\n        layers: [base],\n        attributionControl: false\n    },\n    {\"closePopupOnClick\":true,\"zoomControl\":true,\"scrollWheelZoom\":false,\"doubleClickZoom\":false,\"fitBounds\":true,\"minZoom\":0,\"maxZoom\":19,\"maxBounds\":null,\"attribution\":\"<a href=\\\"http:\\\/\\\/leafletjs.com\\\" title=\\\"Une biblioth\\u00e8que JS pour des cartes interactives\\\">Leaflet<\\\/a>; \\u00a9 <a href=\\\"http:\\\/\\\/www.openstreetmap.org\\\/copyright\\\">OpenStreetMap<\\\/a> contributeurs\\\/contributrices\"},\n    {});\nwindow.WPLeafletMapPlugin.createMap(options).setView([44.67,-63.61],12);});<\/script>\n\n\n<div class=\"sf-map\"><div id=\"leaflet-map-69dfe1c47a1dc\" style=\"height: 400px; width: 100%;\"><\/div><\/div>\n\n\n\n<div class=\"wp-block-group domaines is-layout-constrained wp-container-core-group-is-layout-12243e0f wp-block-group-is-layout-constrained\">\n<h2 class=\"wp-block-heading\">Nos domaines<br>d&rsquo;activit\u00e9s<\/h2>\n\n\n\n<div class=\"wp-block-columns is-layout-flex wp-container-core-columns-is-layout-e0e4babd wp-block-columns-is-layout-flex\" style=\"border-top-color:var(--wp--preset--color--black);border-top-width:1px;padding-right:0;padding-left:0\">\n<div class=\"wp-block-column is-layout-flow wp-block-column-is-layout-flow\" style=\"flex-basis:125px\">\n<figure class=\"wp-block-image size-full\"><img loading=\"lazy\" decoding=\"async\" width=\"313\" height=\"269\" src=\"https:\/\/nature-paysage.exig.fr\/wp-content\/uploads\/2025\/04\/Milieu-naturel.jpg\" alt=\"\" class=\"wp-image-181\" srcset=\"https:\/\/nature-paysage.exig.fr\/wp-content\/uploads\/2025\/04\/Milieu-naturel.jpg 313w, https:\/\/nature-paysage.exig.fr\/wp-content\/uploads\/2025\/04\/Milieu-naturel-300x258.jpg 300w\" sizes=\"auto, (max-width: 313px) 100vw, 313px\" \/><\/figure>\n<\/div>\n\n\n\n<div class=\"wp-block-column milieu-nat activite is-layout-flow wp-block-column-is-layout-flow\">\n<p>Milieu naturel<\/p>\n<\/div>\n\n\n\n<div class=\"wp-block-column is-layout-flow wp-block-column-is-layout-flow\">\n<p>Chantiers de restauration de milieux d\u00e9grad\u00e9s, dans tous types de contextes : milieux naturels tels que cours d\u2019eau et zones humides associ\u00e9es, landes, plans d\u2019eau, dunes c\u00f4ti\u00e8res; milieux semi-naturels type agricole, canaux.<br><\/p>\n<\/div>\n<\/div>\n\n\n\n<div class=\"wp-block-columns is-layout-flex wp-container-core-columns-is-layout-61552176 wp-block-columns-is-layout-flex\" style=\"border-top-color:var(--wp--preset--color--black);border-top-width:1px;margin-top:0;margin-bottom:0;padding-right:0;padding-left:0\">\n<div class=\"wp-block-column is-layout-flow wp-block-column-is-layout-flow\" style=\"flex-basis:125px\">\n<figure class=\"wp-block-image size-full\"><img loading=\"lazy\" decoding=\"async\" width=\"313\" height=\"269\" src=\"https:\/\/nature-paysage.exig.fr\/wp-content\/uploads\/2025\/04\/Reboisement.jpg\" alt=\"\" class=\"wp-image-182\" srcset=\"https:\/\/nature-paysage.exig.fr\/wp-content\/uploads\/2025\/04\/Reboisement.jpg 313w, https:\/\/nature-paysage.exig.fr\/wp-content\/uploads\/2025\/04\/Reboisement-300x258.jpg 300w\" sizes=\"auto, (max-width: 313px) 100vw, 313px\" \/><\/figure>\n<\/div>\n\n\n\n<div class=\"wp-block-column reboisement activite is-layout-flow wp-block-column-is-layout-flow\">\n<p>Reboisement \/ Breizh bocage<\/p>\n<\/div>\n\n\n\n<div class=\"wp-block-column is-layout-flow wp-block-column-is-layout-flow\">\n<p>Chantiers de plantation et travaux connexes : cr\u00e9ation de haies bocag\u00e8res, ripisylves, boisements, cr\u00e9ation de talus et billons,<br>pr\u00e9paration de sols, entretien et gestion.<br><\/p>\n<\/div>\n<\/div>\n\n\n\n<div class=\"wp-block-columns is-layout-flex wp-container-core-columns-is-layout-61552176 wp-block-columns-is-layout-flex\" style=\"border-top-color:var(--wp--preset--color--black);border-top-width:1px;margin-top:0;margin-bottom:0;padding-right:0;padding-left:0\">\n<div class=\"wp-block-column is-layout-flow wp-block-column-is-layout-flow\" style=\"flex-basis:125px\">\n<figure class=\"wp-block-image size-full\"><img loading=\"lazy\" decoding=\"async\" width=\"313\" height=\"269\" src=\"https:\/\/nature-paysage.exig.fr\/wp-content\/uploads\/2025\/04\/Travaux-paysager.jpg\" alt=\"\" class=\"wp-image-180\" srcset=\"https:\/\/nature-paysage.exig.fr\/wp-content\/uploads\/2025\/04\/Travaux-paysager.jpg 313w, https:\/\/nature-paysage.exig.fr\/wp-content\/uploads\/2025\/04\/Travaux-paysager-300x258.jpg 300w\" sizes=\"auto, (max-width: 313px) 100vw, 313px\" \/><\/figure>\n<\/div>\n\n\n\n<div class=\"wp-block-column paysage activite is-layout-flow wp-block-column-is-layout-flow\">\n<p>Travaux paysagers<\/p>\n<\/div>\n\n\n\n<div class=\"wp-block-column is-layout-flow wp-block-column-is-layout-flow\">\n<p>Travaux d\u2019am\u00e9nagement et d\u2019entretien paysagers : centre-bourgs, milieux urbains, cours d\u2019\u00e9cole, lotissements, ZAC.<br><\/p>\n<\/div>\n<\/div>\n\n\n\n<div class=\"wp-block-columns is-layout-flex wp-container-core-columns-is-layout-61552176 wp-block-columns-is-layout-flex\" style=\"border-top-color:var(--wp--preset--color--black);border-top-width:1px;border-bottom-color:var(--wp--preset--color--black);border-bottom-width:1px;margin-top:0;margin-bottom:0;padding-right:0;padding-left:0\">\n<div class=\"wp-block-column is-layout-flow wp-block-column-is-layout-flow\" style=\"flex-basis:125px\">\n<figure class=\"wp-block-image size-full\"><img loading=\"lazy\" decoding=\"async\" width=\"313\" height=\"269\" src=\"https:\/\/nature-paysage.exig.fr\/wp-content\/uploads\/2025\/04\/Plantation-routie\u0300re.jpg\" alt=\"\" class=\"wp-image-179\" srcset=\"https:\/\/nature-paysage.exig.fr\/wp-content\/uploads\/2025\/04\/Plantation-routie\u0300re.jpg 313w, https:\/\/nature-paysage.exig.fr\/wp-content\/uploads\/2025\/04\/Plantation-routie\u0300re-300x258.jpg 300w\" sizes=\"auto, (max-width: 313px) 100vw, 313px\" \/><\/figure>\n<\/div>\n\n\n\n<div class=\"wp-block-column platations activite is-layout-flow wp-block-column-is-layout-flow\">\n<p>Plantation routi\u00e8re<\/p>\n<\/div>\n\n\n\n<div class=\"wp-block-column is-layout-flow wp-block-column-is-layout-flow\">\n<p>Chantiers de plantation en bordure d\u2019infrastructures routi\u00e8res.<\/p>\n<\/div>\n<\/div>\n<\/div>\n<\/div>\n\n\n<p>[galerie_home]<\/p>\n\n\n\n<div class=\"wp-block-group alignfull references has-background is-layout-constrained wp-container-core-group-is-layout-4383d167 wp-block-group-is-layout-constrained\" style=\"background-color:#e6eee9\">\n<h2 class=\"wp-block-heading\">Ils nous font confiance<\/h2>\n\n\n<p>[references_home]<\/p>\n<\/div>\n","protected":false},"excerpt":{"rendered":"<p>Notre mission REPLANTATION BOCAG\u00c8RE, CR\u00c9ATION PAYSAG\u00c8RE ET RESTAURATION DE MILIEUX NATURELS (rivi\u00e8res, zones humides, bocages&#8230;).Bas\u00e9s en Ille-et-Vilaine, nous avons \u00e0 c\u0153ur de travailler pour am\u00e9liorer la sant\u00e9 des \u00e9cosyst\u00e8mes et des paysages bretons. Depuis la seconde moiti\u00e9 du XX\u00e8 si\u00e8cle, avec la mutation des paysages urbains et ruraux, le territoire breton a subi de fortes [&hellip;]<\/p>\n","protected":false},"author":1,"featured_media":0,"parent":0,"menu_order":0,"comment_status":"closed","ping_status":"closed","template":"","meta":{"_acf_changed":false,"zakra_sidebar_layout":"customizer","zakra_remove_content_margin":false,"zakra_sidebar":"customizer","zakra_transparent_header":"customizer","zakra_logo":0,"zakra_main_header_style":"default","zakra_menu_item_color":"","zakra_menu_item_hover_color":"","zakra_menu_item_active_color":"","zakra_menu_active_style":"","zakra_page_header":false,"footnotes":""},"class_list":["post-7","page","type-page","status-publish","hentry"],"acf":[],"_links":{"self":[{"href":"https:\/\/nature-paysage.exig.fr\/index.php?rest_route=\/wp\/v2\/pages\/7","targetHints":{"allow":["GET"]}}],"collection":[{"href":"https:\/\/nature-paysage.exig.fr\/index.php?rest_route=\/wp\/v2\/pages"}],"about":[{"href":"https:\/\/nature-paysage.exig.fr\/index.php?rest_route=\/wp\/v2\/types\/page"}],"author":[{"embeddable":true,"href":"https:\/\/nature-paysage.exig.fr\/index.php?rest_route=\/wp\/v2\/users\/1"}],"replies":[{"embeddable":true,"href":"https:\/\/nature-paysage.exig.fr\/index.php?rest_route=%2Fwp%2Fv2%2Fcomments&post=7"}],"version-history":[{"count":27,"href":"https:\/\/nature-paysage.exig.fr\/index.php?rest_route=\/wp\/v2\/pages\/7\/revisions"}],"predecessor-version":[{"id":258,"href":"https:\/\/nature-paysage.exig.fr\/index.php?rest_route=\/wp\/v2\/pages\/7\/revisions\/258"}],"wp:attachment":[{"href":"https:\/\/nature-paysage.exig.fr\/index.php?rest_route=%2Fwp%2Fv2%2Fmedia&parent=7"}],"curies":[{"name":"wp","href":"https:\/\/api.w.org\/{rel}","templated":true}]}}